{"id":137,"date":"2020-08-21T19:25:09","date_gmt":"2020-08-21T18:25:09","guid":{"rendered":"http:\/\/edixital.com\/informatica-pobra\/?page_id=137"},"modified":"2020-08-21T19:40:37","modified_gmt":"2020-08-21T18:40:37","slug":"software","status":"publish","type":"page","link":"https:\/\/edixital.com\/informatica-pobra\/software\/","title":{"rendered":"Empresas"},"content":{"rendered":"\n<p>Ofrecemos un servicio completo a empresas:<\/p>\n\n\n\n<ul><li>Instalaci\u00f3n y mantenimiento de equipos<\/li><\/ul>\n\n\n\n<ul><li>Soluciones de telefon\u00eda empresarial : fibra, telefon\u00eda m\u00f3vil y centralitas<\/li><\/ul>\n\n\n\n<ul><li>Servico de Adaptaci\u00f3n a LOPD (ley protecci\u00f3n de datos)<\/li><\/ul>\n\n\n\n<ul><li>Distribuci\u00f3n de software sectorial especializado<\/li><\/ul>\n\n\n\n<p><\/p>\n\n\n\n<h3 class=\"wp-block-heading\">LAND\u00cdN PARTNER<\/h3>\n\n\n\n<div class=\"wp-block-image\"><figure class=\"aligncenter size-large is-resized\"><img decoding=\"async\" loading=\"lazy\" src=\"http:\/\/edixital.com\/informatica-pobra\/wp-content\/uploads\/2020\/08\/logo_50aniversario_web_350.png\" alt=\"\" class=\"wp-image-138\" width=\"342\" height=\"122\" srcset=\"https:\/\/edixital.com\/informatica-pobra\/wp-content\/uploads\/2020\/08\/logo_50aniversario_web_350.png 350w, https:\/\/edixital.com\/informatica-pobra\/wp-content\/uploads\/2020\/08\/logo_50aniversario_web_350-300x107.png 300w\" sizes=\"(max-width: 342px) 100vw, 342px\" \/><\/figure><\/div>\n\n\n\n<p>Las aplicaciones L@nd\u00edn Software est\u00e1n desarrolladas por un equipo de ingenieros altamente cualificados y con gran experiencia, lo que nos permite vender aplicaciones est\u00e1ndar y a medida.<\/p>\n\n\n\n<div class=\"wp-block-image\"><figure class=\"aligncenter size-large\"><img decoding=\"async\" loading=\"lazy\" width=\"724\" height=\"780\" src=\"http:\/\/edixital.com\/informatica-pobra\/wp-content\/uploads\/2020\/08\/landinsoftware.jpg\" alt=\"\" class=\"wp-image-139\" srcset=\"https:\/\/edixital.com\/informatica-pobra\/wp-content\/uploads\/2020\/08\/landinsoftware.jpg 724w, https:\/\/edixital.com\/informatica-pobra\/wp-content\/uploads\/2020\/08\/landinsoftware-278x300.jpg 278w\" sizes=\"(max-width: 724px) 100vw, 724px\" \/><\/figure><\/div>\n","protected":false},"excerpt":{"rendered":"<p>Ofrecemos un servicio completo a empresas: Instalaci\u00f3n y mantenimiento de equipos Soluciones de telefon\u00eda empresarial : fibra, telefon\u00eda m\u00f3vil y centralitas Servico de Adaptaci\u00f3n a LOPD (ley protecci\u00f3n de datos) Distribuci\u00f3n de software sectorial especializado LAND\u00cdN PARTNER Las aplicaciones L@nd\u00edn Software est\u00e1n desarrolladas por un equipo de ingenieros altamente cualificados y con gran experiencia, lo<a href=\"https:\/\/edixital.com\/informatica-pobra\/software\/\">[&#8230;]<\/a><\/p>\n","protected":false},"author":3,"featured_media":0,"parent":0,"menu_order":0,"comment_status":"closed","ping_status":"closed","template":"","meta":[],"_links":{"self":[{"href":"https:\/\/edixital.com\/informatica-pobra\/wp-json\/wp\/v2\/pages\/137"}],"collection":[{"href":"https:\/\/edixital.com\/informatica-pobra\/wp-json\/wp\/v2\/pages"}],"about":[{"href":"https:\/\/edixital.com\/informatica-pobra\/wp-json\/wp\/v2\/types\/page"}],"author":[{"embeddable":true,"href":"https:\/\/edixital.com\/informatica-pobra\/wp-json\/wp\/v2\/users\/3"}],"replies":[{"embeddable":true,"href":"https:\/\/edixital.com\/informatica-pobra\/wp-json\/wp\/v2\/comments?post=137"}],"version-history":[{"count":8,"href":"https:\/\/edixital.com\/informatica-pobra\/wp-json\/wp\/v2\/pages\/137\/revisions"}],"predecessor-version":[{"id":149,"href":"https:\/\/edixital.com\/informatica-pobra\/wp-json\/wp\/v2\/pages\/137\/revisions\/149"}],"wp:attachment":[{"href":"https:\/\/edixital.com\/informatica-pobra\/wp-json\/wp\/v2\/media?parent=137"}],"curies":[{"name":"wp","href":"https:\/\/api.w.org\/{rel}","templated":true}]}}