{"id":236,"date":"2022-09-07T16:18:50","date_gmt":"2022-09-07T15:18:50","guid":{"rendered":"https:\/\/edixital.com\/informatica-pobra\/?page_id=236"},"modified":"2022-09-07T16:32:28","modified_gmt":"2022-09-07T15:32:28","slug":"consulta-telefonia","status":"publish","type":"page","link":"https:\/\/edixital.com\/informatica-pobra\/consulta-telefonia\/","title":{"rendered":"Buscaremos la oferta que mejor se adapta a ti"},"content":{"rendered":"\n<figure class=\"wp-block-image size-large\"><img decoding=\"async\" loading=\"lazy\" width=\"1024\" height=\"162\" src=\"https:\/\/edixital.com\/informatica-pobra\/wp-content\/uploads\/2022\/09\/logos2-1024x162.jpg\" alt=\"\" class=\"wp-image-239\" srcset=\"https:\/\/edixital.com\/informatica-pobra\/wp-content\/uploads\/2022\/09\/logos2-1024x162.jpg 1024w, https:\/\/edixital.com\/informatica-pobra\/wp-content\/uploads\/2022\/09\/logos2-300x47.jpg 300w, https:\/\/edixital.com\/informatica-pobra\/wp-content\/uploads\/2022\/09\/logos2-768x122.jpg 768w, https:\/\/edixital.com\/informatica-pobra\/wp-content\/uploads\/2022\/09\/logos2-1536x243.jpg 1536w, https:\/\/edixital.com\/informatica-pobra\/wp-content\/uploads\/2022\/09\/logos2.jpg 1776w\" sizes=\"(max-width: 1024px) 100vw, 1024px\" \/><\/figure>\n\n\n<div class=\"frm_forms  with_frm_style frm_style_estilos-formidable\" id=\"frm_form_2_container\" data-token=\"bfc44e142a5f759e8d09c9281d087019\">\n<form enctype=\"multipart\/form-data\" method=\"post\" class=\"frm-show-form \" id=\"form_cotizacin\"  data-token=\"bfc44e142a5f759e8d09c9281d087019\">\n<div class=\"frm_form_fields \">\n<fieldset>\n<legend class=\"frm_screen_reader\">cotizaci\u00f3n<\/legend>\r\n\r\n<div class=\"frm_fields_container\">\n<input type=\"hidden\" name=\"frm_action\" value=\"create\" \/>\n<input type=\"hidden\" name=\"form_id\" value=\"2\" \/>\n<input type=\"hidden\" name=\"frm_hide_fields_2\" id=\"frm_hide_fields_2\" value=\"\" \/>\n<input type=\"hidden\" name=\"form_key\" value=\"cotizacin\" \/>\n<input type=\"hidden\" name=\"item_meta[0]\" value=\"\" \/>\n<input type=\"hidden\" id=\"frm_submit_entry_2\" name=\"frm_submit_entry_2\" value=\"9d24ede685\" \/><input type=\"hidden\" name=\"_wp_http_referer\" value=\"\/informatica-pobra\/wp-json\/wp\/v2\/pages\/236\" \/><div id=\"frm_field_8_container\" class=\"frm_form_field form-field  frm_required_field frm_top_container\">\r\n    <div  id=\"field_88ji8_label\" class=\"frm_primary_label\">Nombre\r\n        <span class=\"frm_required\" aria-hidden=\"true\">*<\/span>\r\n    <\/div>\r\n    <fieldset aria-labelledby=\"field_88ji8_label\">\n\t<legend class=\"frm_screen_reader frm_hidden\">\n\t\tNombre\t<\/legend>\n\n\t<div  class=\"frm_combo_inputs_container\" id=\"frm_combo_inputs_container_8\" data-name-layout=\"first_last\">\n\t\t\t\t\t<div\n\t\t\t\tid=\"frm_field_8-first_container\"\n\t\t\t\tclass=\"frm_form_field form-field frm_form_subfield-first  frm6\"\n\t\t\t\tdata-sub-field-name=\"first\"\n\t\t\t>\n\t\t\t\t<label for=\"field_88ji8_first\" class=\"frm_screen_reader frm_hidden\">\n\t\t\t\t\tNombre\t\t\t\t<\/label>\n\n\t\t\t\t\t\t\t\t\t\t<input\n\t\t\t\t\t\t\ttype=\"text\"\n\t\t\t\t\t\t\tid=\"field_88ji8_first\"\n\t\t\t\t\t\t\tvalue=\"\"\n\t\t\t\t\t\t\tname=\"item_meta[8][first]\"  data-reqmsg=\"Este campo no puede estar en blanco.\" aria-required=\"true\" data-invmsg=\"Nombre no es v\u00e1lido\" aria-invalid=\"false\"  \t\t\t\t\t\t\/>\n\t\t\t\t\t\t<div class=\"frm_description\" id=\"frm_field_8_first_desc\">Nombre<\/div>\t\t\t<\/div>\n\t\t\t\t\t<div\n\t\t\t\tid=\"frm_field_8-last_container\"\n\t\t\t\tclass=\"frm_form_field form-field frm_form_subfield-last  frm6\"\n\t\t\t\tdata-sub-field-name=\"last\"\n\t\t\t>\n\t\t\t\t<label for=\"field_88ji8_last\" class=\"frm_screen_reader frm_hidden\">\n\t\t\t\t\tApellidos\t\t\t\t<\/label>\n\n\t\t\t\t\t\t\t\t\t\t<input\n\t\t\t\t\t\t\ttype=\"text\"\n\t\t\t\t\t\t\tid=\"field_88ji8_last\"\n\t\t\t\t\t\t\tvalue=\"\"\n\t\t\t\t\t\t\tname=\"item_meta[8][last]\"  data-reqmsg=\"Este campo no puede estar en blanco.\" aria-required=\"true\" data-invmsg=\"Nombre no es v\u00e1lido\" aria-invalid=\"false\"  \t\t\t\t\t\t\/>\n\t\t\t\t\t\t<div class=\"frm_description\" id=\"frm_field_8_last_desc\">Apellidos<\/div>\t\t\t<\/div>\n\t\t\t<\/div>\n<\/fieldset>\n\r\n    \r\n    \r\n<\/div>\n<div id=\"frm_field_9_container\" class=\"frm_form_field form-field  frm_required_field frm_top_container\">\r\n    <label for=\"field_irebk\" id=\"field_irebk_label\" class=\"frm_primary_label\">Tel\u00e9fono\r\n        <span class=\"frm_required\" aria-hidden=\"true\">*<\/span>\r\n    <\/label>\r\n    <input type=\"tel\" id=\"field_irebk\" name=\"item_meta[9]\" value=\"\"  data-reqmsg=\"Este campo no puede estar en blanco.\" aria-required=\"true\" data-invmsg=\"Tel\u00e9fono no es v\u00e1lido\" aria-invalid=\"false\" pattern=\"((\\+\\d{1,3}(-|.| )?\\(?\\d\\)?(-| |.)?\\d{1,5})|(\\(?\\d{2,6}\\)?))(-|.| )?(\\d{3,4})(-|.| )?(\\d{4})(( x| ext)\\d{1,5}){0,1}$\"  \/>\r\n    \r\n    \r\n<\/div>\n<div id=\"frm_field_10_container\" class=\"frm_form_field form-field  frm_required_field frm_top_container frm12 frm_first\">\r\n    <label for=\"field_2626j\" id=\"field_2626j_label\" class=\"frm_primary_label\">Correo electr\u00f3nico\r\n        <span class=\"frm_required\" aria-hidden=\"true\">*<\/span>\r\n    <\/label>\r\n    <input type=\"email\" id=\"field_2626j\" name=\"item_meta[10]\" value=\"\"  data-reqmsg=\"Este campo no puede estar en blanco.\" aria-required=\"true\" data-invmsg=\"Correo electr\u00f3nico no es v\u00e1lido\" aria-invalid=\"false\"  \/>\r\n    \r\n    \r\n<\/div>\n<div id=\"frm_field_7_container\" class=\"frm_form_field form-field  frm_required_field frm_top_container frm12 frm_first vertical_radio\">\r\n    <div  id=\"field_ej1p5_label\" class=\"frm_primary_label\">qu\u00e9 necesitas?\r\n        <span class=\"frm_required\" aria-hidden=\"true\">*<\/span>\r\n    <\/div>\r\n    <div class=\"frm_opt_container\" aria-labelledby=\"field_ej1p5_label\" role=\"group\">\t\t<div class=\"frm_checkbox\" id=\"frm_checkbox_7-0\"><label for=\"field_ej1p5-0\"><input type=\"checkbox\" name=\"item_meta[7][]\" id=\"field_ej1p5-0\" value=\"fibra + m\u00f3vil\"  data-reqmsg=\"Este campo no puede estar en blanco.\" aria-required=\"true\" data-invmsg=\"qu\u00e9 necesitas? no es v\u00e1lido\" aria-invalid=\"false\"   \/> fibra + m\u00f3vil<\/label><\/div>\n\t\t<div class=\"frm_checkbox\" id=\"frm_checkbox_7-1\"><label for=\"field_ej1p5-1\"><input type=\"checkbox\" name=\"item_meta[7][]\" id=\"field_ej1p5-1\" value=\"s\u00f3lo fibra\"  data-reqmsg=\"Este campo no puede estar en blanco.\" aria-required=\"true\" data-invmsg=\"qu\u00e9 necesitas? no es v\u00e1lido\" aria-invalid=\"false\"   \/> s\u00f3lo fibra<\/label><\/div>\n\t\t<div class=\"frm_checkbox\" id=\"frm_checkbox_7-2\"><label for=\"field_ej1p5-2\"><input type=\"checkbox\" name=\"item_meta[7][]\" id=\"field_ej1p5-2\" value=\"s\u00f3lo m\u00f3vil\"  data-reqmsg=\"Este campo no puede estar en blanco.\" aria-required=\"true\" data-invmsg=\"qu\u00e9 necesitas? no es v\u00e1lido\" aria-invalid=\"false\"   \/> s\u00f3lo m\u00f3vil<\/label><\/div>\n\t\t<div class=\"frm_checkbox\" id=\"frm_checkbox_7-3\"><label for=\"field_ej1p5-3\"><input type=\"checkbox\" name=\"item_meta[7][]\" id=\"field_ej1p5-3\" value=\"energ\u00eda\"  data-reqmsg=\"Este campo no puede estar en blanco.\" aria-required=\"true\" data-invmsg=\"qu\u00e9 necesitas? no es v\u00e1lido\" aria-invalid=\"false\"   \/> energ\u00eda<\/label><\/div>\n\t\t<div class=\"frm_checkbox\" id=\"frm_checkbox_7-4\"><label for=\"field_ej1p5-4\"><input type=\"checkbox\" name=\"item_meta[7][]\" id=\"field_ej1p5-4\" value=\"alarma\"  data-reqmsg=\"Este campo no puede estar en blanco.\" aria-required=\"true\" data-invmsg=\"qu\u00e9 necesitas? no es v\u00e1lido\" aria-invalid=\"false\"   \/> alarma<\/label><\/div>\n<\/div>\r\n    \r\n    \r\n<\/div>\n<div id=\"frm_field_13_container\" class=\"frm_form_field form-field  frm_top_container\">\r\n    <label for=\"field_5sm75\" id=\"field_5sm75_label\" class=\"frm_primary_label\">Quieres comprobar tu cobertura de fibra?. Dinos tu direcci\u00f3n\r\n        <span class=\"frm_required\" aria-hidden=\"true\"><\/span>\r\n    <\/label>\r\n    <input type=\"text\" id=\"field_5sm75\" name=\"item_meta[13]\" value=\"\"  data-invmsg=\"Texto no es v\u00e1lido\" aria-invalid=\"false\"  \/>\r\n    \r\n    \r\n<\/div>\n<div id=\"frm_field_12_container\" class=\"frm_form_field form-field  frm_top_container\">\r\n    <label for=\"field_m86jm\" id=\"field_m86jm_label\" class=\"frm_primary_label\">tienes tel\u00e9fono fijo o lo necesitas?\r\n        <span class=\"frm_required\" aria-hidden=\"true\"><\/span>\r\n    <\/label>\r\n    \t\t<select name=\"item_meta[12]\" id=\"field_m86jm\"  data-invmsg=\"tienes tel\u00e9fono fijo o lo necesitas? no es v\u00e1lido\" aria-invalid=\"false\"  >\n\t\t<option  value=\"no\">no<\/option><option  value=\"si\">si<\/option>\t<\/select>\n\t\r\n    \r\n    \r\n<\/div>\n<div id=\"frm_field_14_container\" class=\"frm_form_field form-field  frm_top_container\">\r\n    <label for=\"field_r0d5t\" id=\"field_r0d5t_label\" class=\"frm_primary_label\">quieres tv?\r\n        <span class=\"frm_required\" aria-hidden=\"true\"><\/span>\r\n    <\/label>\r\n    \t\t<select name=\"item_meta[14]\" id=\"field_r0d5t\"  data-invmsg=\"quieres tv? no es v\u00e1lido\" aria-invalid=\"false\"  >\n\t\t<option  value=\"no\">no<\/option><option  value=\"si\">si<\/option>\t<\/select>\n\t\r\n    \r\n    \r\n<\/div>\n<div id=\"frm_field_11_container\" class=\"frm_form_field form-field  frm_top_container\">\r\n    <label for=\"field_jmecp\" id=\"field_jmecp_label\" class=\"frm_primary_label\">necestias muchos gigas en tu m\u00f3vil?\r\n        <span class=\"frm_required\" aria-hidden=\"true\"><\/span>\r\n    <\/label>\r\n    \t\t<select name=\"item_meta[11]\" id=\"field_jmecp\"  data-invmsg=\"necestias muchos gigas en tu m\u00f3vil? no es v\u00e1lido\" aria-invalid=\"false\"  >\n\t\t<option  value=\"no, me suelo conectar por wifi\">no, me suelo conectar por wifi<\/option><option  value=\"si, necesito muchos gigas\">si, necesito muchos gigas<\/option><option  value=\"necesito gigas ilimitados\">necesito gigas ilimitados<\/option>\t<\/select>\n\t\r\n    \r\n    \r\n<\/div>\n<div id=\"frm_field_17_container\" class=\"frm_form_field form-field  frm_top_container vertical_radio\">\n    <div  id=\"field_kcyou_label\" class=\"frm_primary_label\">Acuerdo RGPD * \n        <span class=\"frm_required\" aria-hidden=\"true\"><\/span>\n    <\/div>\n    <div class=\"frm_opt_container\" aria-labelledby=\"field_kcyou_label\" role=\"group\">\t\t<div class=\"frm_checkbox\" id=\"frm_checkbox_17-0\"><label for=\"field_kcyou-0\"><input type=\"checkbox\" name=\"item_meta[17][]\" id=\"field_kcyou-0\" value=\"Doy mi consentimiento para que esta web almacene la informaci\u00f3n que env\u00edo para que puedan responder a mi petici\u00f3n.\"  data-invmsg=\"Acuerdo RGPD *  no es v\u00e1lido\" aria-invalid=\"false\"   \/> Doy mi consentimiento para que esta web almacene la informaci\u00f3n que env\u00edo para que puedan responder a mi petici\u00f3n.<\/label><\/div>\n<\/div>\n    \n    \n<\/div>\n\t<input type=\"hidden\" name=\"item_key\" value=\"\" \/>\n\t\t\t\t<div class=\"frm_verify\" aria-hidden=\"true\">\n\t\t\t\t<label for=\"frm_email_2\">\n\t\t\t\t\tSi eres humano, deja este campo en blanco.\t\t\t\t<\/label>\n\t\t\t\t<input type=\"text\" class=\"frm_verify\" id=\"frm_email_2\" name=\"frm_verify\" value=\"\"  \/>\n\t\t\t<\/div>\n\t\t<div class=\"frm_submit\">\r\n\r\n<button class=\"frm_button_submit\" type=\"submit\"  >Enviar<\/button>\r\n\r\n\r\n<\/div><\/div>\n<\/fieldset>\n<\/div>\n<\/form>\n<\/div>\n","protected":false},"excerpt":{"rendered":"","protected":false},"author":3,"featured_media":0,"parent":0,"menu_order":0,"comment_status":"closed","ping_status":"closed","template":"","meta":[],"_links":{"self":[{"href":"https:\/\/edixital.com\/informatica-pobra\/wp-json\/wp\/v2\/pages\/236"}],"collection":[{"href":"https:\/\/edixital.com\/informatica-pobra\/wp-json\/wp\/v2\/pages"}],"about":[{"href":"https:\/\/edixital.com\/informatica-pobra\/wp-json\/wp\/v2\/types\/page"}],"author":[{"embeddable":true,"href":"https:\/\/edixital.com\/informatica-pobra\/wp-json\/wp\/v2\/users\/3"}],"replies":[{"embeddable":true,"href":"https:\/\/edixital.com\/informatica-pobra\/wp-json\/wp\/v2\/comments?post=236"}],"version-history":[{"count":2,"href":"https:\/\/edixital.com\/informatica-pobra\/wp-json\/wp\/v2\/pages\/236\/revisions"}],"predecessor-version":[{"id":240,"href":"https:\/\/edixital.com\/informatica-pobra\/wp-json\/wp\/v2\/pages\/236\/revisions\/240"}],"wp:attachment":[{"href":"https:\/\/edixital.com\/informatica-pobra\/wp-json\/wp\/v2\/media?parent=236"}],"curies":[{"name":"wp","href":"https:\/\/api.w.org\/{rel}","templated":true}]}}