{"id":36,"date":"2016-09-27T08:21:41","date_gmt":"2016-09-27T08:21:41","guid":{"rendered":"http:\/\/edixital.com\/informatica-pobra\/?page_id=36"},"modified":"2022-09-10T11:44:39","modified_gmt":"2022-09-10T10:44:39","slug":"informatica","status":"publish","type":"page","link":"https:\/\/edixital.com\/informatica-pobra\/informatica\/","title":{"rendered":"Inform\u00e1tica"},"content":{"rendered":"<p>En eDixital queremos ser tu tienda inform\u00e1tica de confianza.\u00a0 Vendemos equipos, componentes, accesorios &#8230;\u00a0 pero tambi\u00e9n te asesoramos en la compra, ponemos tus equipos en marcha y prestamos servicio t\u00e9cnico postventa.<\/p>\n<p>M\u00e1s de 20 a\u00f1os de experiencia en asesoramiento y venta de equipos inform\u00e1ticos, perif\u00e9ricos y accesorios, tablets, electr\u00f3nica de consumo\u2026<\/p>\n<p>Punto de venta MR MICRO<\/p>\n<p><a href=\"http:\/\/www.edixital.com\/edixital.pdf\" target=\"_blank\" rel=\"noopener\">ver cat\u00e1logo Mr Micro<\/a><\/p>\n<p><img decoding=\"async\" src=\"https:\/\/pbs.twimg.com\/profile_images\/997451516515467264\/rdCUAY5G_400x400.jpg\" alt=\"MR Micro (@_MR_Micro) \/ Twitter\" \/><\/p>\n","protected":false},"excerpt":{"rendered":"<p>En eDixital queremos ser tu tienda inform\u00e1tica de confianza.\u00a0 Vendemos equipos, componentes, accesorios &#8230;\u00a0 pero tambi\u00e9n te asesoramos en la compra, ponemos tus equipos en marcha y prestamos servicio t\u00e9cnico postventa. M\u00e1s de 20 a\u00f1os de experiencia en asesoramiento y venta de equipos inform\u00e1ticos, perif\u00e9ricos y accesorios, tablets, electr\u00f3nica de consumo\u2026 Punto de venta MR<a href=\"https:\/\/edixital.com\/informatica-pobra\/informatica\/\">[&#8230;]<\/a><\/p>\n","protected":false},"author":3,"featured_media":0,"parent":0,"menu_order":0,"comment_status":"closed","ping_status":"closed","template":"","meta":[],"_links":{"self":[{"href":"https:\/\/edixital.com\/informatica-pobra\/wp-json\/wp\/v2\/pages\/36"}],"collection":[{"href":"https:\/\/edixital.com\/informatica-pobra\/wp-json\/wp\/v2\/pages"}],"about":[{"href":"https:\/\/edixital.com\/informatica-pobra\/wp-json\/wp\/v2\/types\/page"}],"author":[{"embeddable":true,"href":"https:\/\/edixital.com\/informatica-pobra\/wp-json\/wp\/v2\/users\/3"}],"replies":[{"embeddable":true,"href":"https:\/\/edixital.com\/informatica-pobra\/wp-json\/wp\/v2\/comments?post=36"}],"version-history":[{"count":10,"href":"https:\/\/edixital.com\/informatica-pobra\/wp-json\/wp\/v2\/pages\/36\/revisions"}],"predecessor-version":[{"id":379,"href":"https:\/\/edixital.com\/informatica-pobra\/wp-json\/wp\/v2\/pages\/36\/revisions\/379"}],"wp:attachment":[{"href":"https:\/\/edixital.com\/informatica-pobra\/wp-json\/wp\/v2\/media?parent=36"}],"curies":[{"name":"wp","href":"https:\/\/api.w.org\/{rel}","templated":true}]}}