{"id":381,"date":"2023-05-31T09:47:01","date_gmt":"2023-05-31T08:47:01","guid":{"rendered":"https:\/\/edixital.com\/informatica-pobra\/?page_id=381"},"modified":"2023-05-31T09:47:01","modified_gmt":"2023-05-31T08:47:01","slug":"politica-de-privacidad","status":"publish","type":"page","link":"https:\/\/edixital.com\/informatica-pobra\/politica-de-privacidad\/","title":{"rendered":"Pol\u00edtica de privacidad"},"content":{"rendered":"\n<p><strong>Pol\u00edtica de privacidad<\/strong><\/p>\n\n\n\n<p>eDixital Pobra S.L. informa sobre su pol\u00edtica respecto del tratamiento y protecci\u00f3n de los datos de car\u00e1cter personal de los usuarios y clientes que puedan ser recabados por la navegaci\u00f3n o contrataci\u00f3n de servicios a trav\u00e9s de su sitio web, as\u00ed como mediante actividades comerciales o por correo electr\u00f3nico.<\/p>\n\n\n\n<p>En este sentido, garantiza el cumplimiento de la normativa vigente en materia de protecci\u00f3n de datos personales, conforme a lo establecido en el RGPD europeo 2016\/679.<\/p>\n\n\n\n<p>El uso de esta web implica la aceptaci\u00f3n de esta pol\u00edtica de privacidad.<\/p>\n\n\n\n<p><strong>RESPONSABLE DEL TRATAMIENTO<\/strong><br>Raz\u00f3n social: eDixital Pobra S.L.<\/p>\n\n\n\n<p>CIF: B70493457<\/p>\n\n\n\n<p>Direcci\u00f3n: Cinco calles 25 bajo<\/p>\n\n\n\n<p>Tel\u00e9fono: +34 981831705<\/p>\n\n\n\n<p>Correo electr\u00f3nico: info@edixital.com<\/p>\n\n\n\n<p><strong>RECOGIDA Y FINALIDAD DEL TRATAMIENTO<\/strong><br>1.- Recogida: eDixital Pobra S.L. tiene el deber de informar a los usuarios acerca de la recogida de datos de car\u00e1cter personal que pueden llevarse a cabo, bien sea mediante el env\u00edo de correo electr\u00f3nico o al cumplimentar los formularios incluidos en el sitio web. En este sentido, eDixital Pobra S.L. ser\u00e1 considerada como responsable de los datos recabados mediante los medios anteriormente descritos.<\/p>\n\n\n\n<p>2.-Finalidad: A su vez, se informa a los usuarios que la finalidad del tratamiento de los datos recabados contempla: La atenci\u00f3n de solicitudes realizadas por los usuarios, la prestaci\u00f3n de servicios, la gesti\u00f3n de la relaci\u00f3n comercial y gestiones administrativas. Los datos personales no ser\u00e1n cedidos a terceros, salvo en los casos en que exista una obligaci\u00f3n legal.<\/p>\n\n\n\n<p><strong>LEGITIMACI\u00d3N PARA EL TRATAMIENTO DE SUS DATOS PRESONALES<\/strong><br>Las operaciones, gestiones y procedimientos t\u00e9cnicos que se realicen de forma automatizada o no y que posibiliten la recogida, el almacenamiento, la modificaci\u00f3n, la transferencia y otras acciones sobre datos de car\u00e1cter personal, tienen la consideraci\u00f3n de tratamiento de datos personales.<br>Todos los datos personales, que sean recogidos a trav\u00e9s del sitio web de eDixital Pobra S.L. y por tanto tenga la consideraci\u00f3n de tratamiento de datos de car\u00e1cter personal, ser\u00e1n incorporados en un fichero automatizado responsabilidad de eDixital Pobra S.L.<\/p>\n\n\n\n<p>1.- Consentimiento expreso del usuario a trav\u00e9s de la selecci\u00f3n de la casilla check de env\u00edo del formulario donde verifica su consentimiento.<\/p>\n\n\n\n<p>2.- Medidas precontractuales en el caso de solicitudes de presupuesto u otras informaciones en relaci\u00f3n a nuestros servicios de protecci\u00f3n de datos y privacidad.<\/p>\n\n\n\n<p>3.- Si es cliente para la ejecuci\u00f3n de un contrato como cliente.<\/p>\n\n\n\n<p>4.- El cumplimiento de obligaciones legales aplicables a la actividad, derivadas de la legislaci\u00f3n mercantil y tributaria.<\/p>\n\n\n\n<p><strong>PLAZO DE CONSERVACION DE LOS DATOS<\/strong><br>Los datos personales que nos proporciona ser\u00e1n conservados mientras se mantenga nuestra relaci\u00f3n contractual o mercantil y una vez terminada \u00e9sta durante el plazo de prescripci\u00f3n de las acciones que se pudieran derivar del producto\/servicio contratado por el interesado, as\u00ed como durante el tiempo necesario para cumplir con las obligaciones legales. Sin perjuicio de ello, con el fin de poder contactar y realizar acciones comerciales de nuevo con ex clientes, para poder ofertarle productos concretos personalizados, y siempre que se tenga el consentimiento del interesado, eDixital Pobra S.L. podr\u00e1 contactar con ellos para los fines detallados.<\/p>\n\n\n\n<p><strong>PROCEDENCIA DE LOS DATOS<br><\/strong>Los datos obtenidos han sido proporcionados por el propio interesado.<\/p>\n\n\n\n<p><strong>DERECHOS DEL INTERESADO<\/strong><br>Cualquier interesado podr\u00e1 solicitar el ejercicio de los siguientes derechos:<\/p>\n\n\n\n<p>Derecho de acceso: El interesado tendr\u00e1 derecho a obtener confirmaci\u00f3n de si se est\u00e1n tratando o no datos personales que le conciernen.<br>Derecho de rectificaci\u00f3n: El interesado tendr\u00e1 derecho a obtener la rectificaci\u00f3n de los datos personales inexactos que le conciernan o incompletos.<br>Derecho de supresi\u00f3n: El interesado tendr\u00e1 derecho a obtener la supresi\u00f3n de los datos personales que le conciernan cuando los datos personales ya no sean necesarios en relaci\u00f3n con los fines para los que fueron recogidos o tratados de otro modo.<br>Derecho de limitaci\u00f3n: Podr\u00e1 solicitar la limitaci\u00f3n del tratamiento de sus datos personales, en cuyo caso \u00fanicamente los conservar\u00edamos para el ejercicio o la defensa de reclamaciones.<br>Derecho a la portabilidad de sus datos: Por lo que puede solicitarnos que sus datos personales automatizados sean cedidos o transferidos a cualquier otra empresa que nos indique en un formato estructurado, inteligible y automatizado.<br>Derecho de retirar el consentimiento: Usted tendr\u00e1 derecho a retirar el consentimiento en cualquier momento, sin que ello afecte a la licitud del tratamiento basado en el consentimiento antes de su retirada.<br>Derecho de oposici\u00f3n: El interesado tendr\u00e1 derecho a oponerse al tratamiento de sus datos.<\/p>\n\n\n\n<p><strong>\u00bfQUI\u00c9N PUEDE EJERCITAR LOS DERECHOS?<br><\/strong>Los derechos de los interesados son personal\u00edsimos, por lo tanto, ser\u00e1n ejercidos por el titular de los datos acreditando debidamente su identidad para ello se le solicitar\u00e1 el DNI o equivalente).<br>Tambi\u00e9n podr\u00e1 ejercerse a trav\u00e9s de representaci\u00f3n legal, en cuyo caso, adem\u00e1s del DNI del interesado o equivalente, habr\u00e1 de aportarse DNI y documento acreditativo aut\u00e9ntico de la representaci\u00f3n del tercero.<\/p>\n\n\n\n<p><strong>\u00bfCU\u00c1L SER\u00c1 NUESTRA OBLIGACI\u00d3N CUANDO EJERCITA ALGUNO DE LOS DERECHOS?<\/strong><br>El responsable del tratamiento deber\u00e1 contestar la solicitud que se le dirija en todo caso, con independencia de que figuren o no datos personales del afectado o interesado en sus tratamientos.<br>En el caso de que la solicitud no re\u00fana los requisitos especificados, el responsable del fichero deber\u00e1 solicitar la subsanaci\u00f3n de los mismos.<br>El responsable de tratamiento responder\u00e1 a las solicitudes en el plazo de un mes a partir de la recepci\u00f3n de la solicitud. Dicho plazo podr\u00e1 prorrogarse otros dos meses en caso necesario, teniendo en cuenta la complejidad y el n\u00famero de solicitudes. El responsable informar\u00e1 al interesado de cualquiera de dichas pr\u00f3rrogas en el plazo de un mes a partir de la recepci\u00f3n de la solicitud, indicando los motivos de la dilaci\u00f3n.<\/p>\n\n\n\n<p><strong>\u00bfQU\u00c9 INFORMACI\u00d3N RECOPILAMOS?<\/strong><br>En general, puede usar el Sitio Web sin facilitar ninguna informaci\u00f3n de car\u00e1cter personal.<br>Disponemos de varias secciones en nuestra p\u00e1gina web en las cuales existen formularios de recogida de datos personales que son necesarios para poder prestarle los servicios que nos solicita. Cuando nos remite alguno de estos formularios solicit\u00e1ndonos informaci\u00f3n, el usuario garantiza la autenticidad, exactitud y veracidad de toda la informaci\u00f3n que nos facilite, comprometi\u00e9ndose a mantener actualizados los datos de car\u00e1cter personal que nos facilite de forma que los mismos respondan, en todo momento, a su situaci\u00f3n real. El usuario ser\u00e1 el \u00fanico responsable de las manifestaciones falsas o inexactas y de los perjuicios que las mismas pudieran causar.<br>Los datos personales que recabamos son: Nombre, email, tel\u00e9fono, etc.<\/p>\n\n\n\n<p><strong>SEGURIDAD EN LA PROTECCION DE LOS DATOS<\/strong><br>Aplicamos medidas t\u00e9cnicas y f\u00edsicas razonables para proteger la informaci\u00f3n que recogemos a trav\u00e9s del Sitio Web. Nuestra web utiliza el protocolo de conexi\u00f3n segura SSL de manera que cualquier cualquier dato que el usuario introduzca en nuestro sitio web se enviar\u00e1&nbsp;<strong>cifrado&nbsp;<\/strong>garantizando la seguridad en el uso de sus datos.<\/p>\n\n\n\n<p><strong>PROTECCI\u00d3N DE DATOS EN REDES SOCIALES<\/strong><br>Utilizamos las cuentas de Facebook e Instagram para informar sobre nuestras actividades e interactuar con nuestros seguidores. Al hacerte seguidor nuestro, consientes que trate los datos personales que est\u00e9n disponibles en tu perfil, exclusivamente para dicha finalidad y s\u00f3lo en el entorno de Facebook e Instagram conforme a sus pol\u00edticas de uso y privacidad.<\/p>\n","protected":false},"excerpt":{"rendered":"<p>Pol\u00edtica de privacidad eDixital Pobra S.L. informa sobre su pol\u00edtica respecto del tratamiento y protecci\u00f3n de los datos de car\u00e1cter personal de los usuarios y clientes que puedan ser recabados por la navegaci\u00f3n o contrataci\u00f3n de servicios a trav\u00e9s de su sitio web, as\u00ed como mediante actividades comerciales o por correo electr\u00f3nico. En este sentido,<a href=\"https:\/\/edixital.com\/informatica-pobra\/politica-de-privacidad\/\">[&#8230;]<\/a><\/p>\n","protected":false},"author":3,"featured_media":0,"parent":0,"menu_order":0,"comment_status":"closed","ping_status":"closed","template":"","meta":[],"_links":{"self":[{"href":"https:\/\/edixital.com\/informatica-pobra\/wp-json\/wp\/v2\/pages\/381"}],"collection":[{"href":"https:\/\/edixital.com\/informatica-pobra\/wp-json\/wp\/v2\/pages"}],"about":[{"href":"https:\/\/edixital.com\/informatica-pobra\/wp-json\/wp\/v2\/types\/page"}],"author":[{"embeddable":true,"href":"https:\/\/edixital.com\/informatica-pobra\/wp-json\/wp\/v2\/users\/3"}],"replies":[{"embeddable":true,"href":"https:\/\/edixital.com\/informatica-pobra\/wp-json\/wp\/v2\/comments?post=381"}],"version-history":[{"count":1,"href":"https:\/\/edixital.com\/informatica-pobra\/wp-json\/wp\/v2\/pages\/381\/revisions"}],"predecessor-version":[{"id":387,"href":"https:\/\/edixital.com\/informatica-pobra\/wp-json\/wp\/v2\/pages\/381\/revisions\/387"}],"wp:attachment":[{"href":"https:\/\/edixital.com\/informatica-pobra\/wp-json\/wp\/v2\/media?parent=381"}],"curies":[{"name":"wp","href":"https:\/\/api.w.org\/{rel}","templated":true}]}}