{"id":382,"date":"2023-05-31T09:39:07","date_gmt":"2023-05-31T08:39:07","guid":{"rendered":"https:\/\/edixital.com\/informatica-pobra\/?page_id=382"},"modified":"2023-05-31T09:40:22","modified_gmt":"2023-05-31T08:40:22","slug":"terminos-y-condiciones","status":"publish","type":"page","link":"https:\/\/edixital.com\/informatica-pobra\/terminos-y-condiciones\/","title":{"rendered":"T\u00e9rminos y condiciones"},"content":{"rendered":"\n<p><strong><u>Pol\u00edticas de env\u00edo, cancelaci\u00f3n y devoluci\u00f3n<\/u><\/strong><\/p>\n\n\n\n<p>El plazo de entrega oscila entre 2 y 5 d\u00edas dependiendo del stock disponible. Dicho plazo empieza a contar desde el momento en el que se recibe el pago del pedido.<\/p>\n\n\n\n<p>Debido a la propia naturaleza del producto que ofrecemos, \u00fanicamente se aceptar\u00e1 la devoluci\u00f3n si se produce deterioro en el transporte, en cuyo caso se reenviar\u00e1 de nuevo el producto deteriorado, asimismo no ser\u00e1 posible la cancelaci\u00f3n de un pedido una vez se haya hecho el pago del mismo.<\/p>\n\n\n\n<p><strong><u>Informaci\u00f3n sobre productos<\/u><\/strong><\/p>\n\n\n\n<p>Las descripciones de los productos ofrecidos en la web se realizan en base a nuestro cat\u00e1logo de productos.<\/p>\n\n\n\n<p>Las fotograf\u00edas y representaciones gr\u00e1ficas, as\u00ed como nombres comerciales, marcas o signos distintivos de cualquier clase contenidos en el sitio web tienen por objeto aportar la mayor informaci\u00f3n, no obstante, el cliente ha de tener en cuenta que tienen un prop\u00f3sito orientativo y, en consecuencia, carecen de car\u00e1cter exhaustivo.<br>Es necesario advertir al usuario que en algunos casos las im\u00e1genes ofrecidas con la descripci\u00f3n del producto pueden no coincidir exactamente, en estos casos prevalecer\u00e1 siempre la descripci\u00f3n del producto que se hace en la ficha de compra. Estos casos, ser\u00e1n excepcionales ya que la intenci\u00f3n de eDixital es ofrecer siempre una imagen fiel del producto ofertado.<br>Asimismo, para garantizar informaci\u00f3n m\u00e1s completa tambi\u00e9n le indicaremos la existencia o no de stock del producto lo antes posible.<br>En el caso en que el producto no est\u00e9 disponible despu\u00e9s de haberse realizado la compra, eDixital informar\u00e1 al cliente de la anulaci\u00f3n total o, en su caso, parcial del pedido y de la devoluci\u00f3n del precio si procede.<br><br><strong><u>Precio<\/u><\/strong><\/p>\n\n\n\n<p>El precio de cada producto ser\u00e1 el que se estipule en cada momento en nuestra p\u00e1gina web, salvo en caso de error manifiesto.<br>Los precios pueden cambiar en cualquier momento. Los posibles cambios no afectar\u00e1n a los pedidos de los que ya le hayamos enviado una confirmaci\u00f3n de Env\u00edo\/Pedido.<br>Los precios que se indican de cada producto incluyen el Impuesto sobre el Valor A\u00f1adido (IVA) u otros impuestos que pudieran ser aplicables y en todo caso se expresar\u00e1n en la moneda euro (\u20ac). Dichos gastos, salvo que se indique expresamente lo contrario, no incluyen los gastos de env\u00edo, manipulaci\u00f3n, envoltorio, seguro de env\u00edos o cualesquiera otros servicios adicionales y anexos al producto adquirido. El precio del producto, los impuestos aplicables y los gastos de env\u00edo aparecer\u00e1n desglosados en el momento de la compra, para que el usuario pueda saber exactamente con qu\u00e9 se corresponde cada uno.<\/p>\n\n\n\n<p><strong>La edad m\u00ednima de compra ser\u00e1 18 a\u00f1os.<\/strong><\/p>\n\n\n\n<p>Los precios aplicables a cada producto ser\u00e1n los publicados en el sitio web, y aplicados de forma autom\u00e1tica por el proceso de contrataci\u00f3n en la \u00faltima fase del mismo. En todo caso esto ser\u00e1 siempre comunicado previamente a los usuarios.<br>Para cualquier informaci\u00f3n sobre el pedido, el usuario podr\u00e1 contactar con eDixital a trav\u00e9s del correo electr\u00f3nico.<\/p>\n\n\n\n<p>eDixital se reserva el derecho a modificar sus precios en cualquier momento. Los productos se facturar\u00e1n al precio en vigor en el momento de la compra, salvo error tipogr\u00e1fico evidente.<br>El cliente puede seleccionar un m\u00e9todo de pago de entre la lista de m\u00e9todos de pago.<br><br><strong><u>Entrega y gastos de env\u00edo.<\/u><\/strong><br><br>Salvo que se acuerde algo distinto, el cliente correr\u00e1 con los gastos de env\u00edo tal y como se indica en la p\u00e1gina web. Cuando se realizan pedidos a trav\u00e9s de la tienda en l\u00ednea de eDixital, los gastos de env\u00edo se indican tanto en las p\u00e1ginas web como en la cesta de la compra. El coste de los procedimientos especiales de entrega o de embalajes especiales solicitados por el cliente ser\u00e1 asumido por \u00e9ste. En el documento de confirmaci\u00f3n del pedido se especificar\u00e1n claramente los gastos totales de env\u00edo, con indicaci\u00f3n del precio final de los productos, incluido el precio, los impuestos, los costes y los gastos derivados.<br>Si eDixital no cumple los t\u00e9rminos fijados, el cliente tendr\u00e1 derecho a rescindir el contrato \u00fanicamente despu\u00e9s de que haya transcurrido sin efectos un per\u00edodo de tiempo adicional razonable para que eDixital preste los servicios acordados.<br><br><\/p>\n\n\n\n<p><strong><u>Responsabilidad sobre las transacciones<\/u><\/strong><\/p>\n\n\n\n<p>El titular de la tarjeta&nbsp; es el responsable de las transacciones.<\/p>\n\n\n\n<p><strong><u>Legal<\/u><\/strong><\/p>\n\n\n\n<p>Para las cuestiones que puedan plantearse, el comprador se somete expresamente a los juzgados y tribunales del municipio de Santa Ux\u00eda de Riveira (A Coru\u00f1a), Espa\u00f1a.<\/p>\n","protected":false},"excerpt":{"rendered":"<p>Pol\u00edticas de env\u00edo, cancelaci\u00f3n y devoluci\u00f3n El plazo de entrega oscila entre 2 y 5 d\u00edas dependiendo del stock disponible. Dicho plazo empieza a contar desde el momento en el que se recibe el pago del pedido. Debido a la propia naturaleza del producto que ofrecemos, \u00fanicamente se aceptar\u00e1 la devoluci\u00f3n si se produce deterioro<a href=\"https:\/\/edixital.com\/informatica-pobra\/terminos-y-condiciones\/\">[&#8230;]<\/a><\/p>\n","protected":false},"author":3,"featured_media":0,"parent":0,"menu_order":0,"comment_status":"closed","ping_status":"closed","template":"","meta":[],"_links":{"self":[{"href":"https:\/\/edixital.com\/informatica-pobra\/wp-json\/wp\/v2\/pages\/382"}],"collection":[{"href":"https:\/\/edixital.com\/informatica-pobra\/wp-json\/wp\/v2\/pages"}],"about":[{"href":"https:\/\/edixital.com\/informatica-pobra\/wp-json\/wp\/v2\/types\/page"}],"author":[{"embeddable":true,"href":"https:\/\/edixital.com\/informatica-pobra\/wp-json\/wp\/v2\/users\/3"}],"replies":[{"embeddable":true,"href":"https:\/\/edixital.com\/informatica-pobra\/wp-json\/wp\/v2\/comments?post=382"}],"version-history":[{"count":3,"href":"https:\/\/edixital.com\/informatica-pobra\/wp-json\/wp\/v2\/pages\/382\/revisions"}],"predecessor-version":[{"id":385,"href":"https:\/\/edixital.com\/informatica-pobra\/wp-json\/wp\/v2\/pages\/382\/revisions\/385"}],"wp:attachment":[{"href":"https:\/\/edixital.com\/informatica-pobra\/wp-json\/wp\/v2\/media?parent=382"}],"curies":[{"name":"wp","href":"https:\/\/api.w.org\/{rel}","templated":true}]}}